{"id":14803,"date":"2024-02-07T23:48:28","date_gmt":"2024-02-07T23:48:28","guid":{"rendered":"https:\/\/medbox.com\/?page_id=14803"},"modified":"2025-02-25T00:16:13","modified_gmt":"2025-02-25T00:16:13","slug":"book","status":"publish","type":"page","link":"https:\/\/medbox.com\/vi\/book\/","title":{"rendered":"S\u00e1ch"},"content":{"rendered":"<section class=\"section-small-hero section-small-hero-m  section-small-hero--img gutenberg-block\"  style=\"background-color: #E8F2EE;\">\n    <div class=\"section-small-hero-wrapp sk-container\">\n      <div class=\"section-small-hero-content\" style=\"background-color: transparent; color: #202524;\">\n        \n                  <h1 class=\"section-small-hero-title\">\u0110\u1eb7t th\u1eddi gian \u0111\u1ec3 n\u00f3i chuy\u1ec7n<\/h1>\n        \n                  <div class=\"section-small-hero-description\"><p>Vui l\u00f2ng ch\u1ecdn th\u1eddi gian ph\u00f9 h\u1ee3p nh\u1ea5t \u0111\u1ec3 ch\u00fang t\u00f4i c\u00f3 th\u1ec3 g\u1ecdi \u0111i\u1ec7n cho b\u1ea1n.<\/p>\n<\/div>\n        \n        <div class=\"section-small-hero-buttons\">\n                  <\/div>\n      <\/div>\n\n              <div class=\"section-small-hero-media\">\n          \n\n                                \n    \n  <picture>\n    <source type=\"image\/webp\" sizes=\"(max-width: 767px) 100vw, (max-width: 991px) 750px, 750px\" srcset=\"https:\/\/medbox.com\/wp-content\/uploads\/2025\/02\/MB-Booking-Woman-on-Phone-1-100x0-c-default.webp 100w, https:\/\/medbox.com\/wp-content\/uploads\/2025\/02\/MB-Booking-Woman-on-Phone-1-200x0-c-default.webp 200w, https:\/\/medbox.com\/wp-content\/uploads\/2025\/02\/MB-Booking-Woman-on-Phone-1-400x0-c-default.webp 400w, https:\/\/medbox.com\/wp-content\/uploads\/2025\/02\/MB-Booking-Woman-on-Phone-1.webp 500w\">\n    <source type=\"image\/jpeg\" sizes=\"(max-width: 767px) 100vw, (max-width: 991px) 750px, 750px\" srcset=\"https:\/\/medbox.com\/wp-content\/uploads\/2025\/02\/MB-Booking-Woman-on-Phone-1-100x0-c-default.jpg 100w, https:\/\/medbox.com\/wp-content\/uploads\/2025\/02\/MB-Booking-Woman-on-Phone-1-200x0-c-default.jpg 200w, https:\/\/medbox.com\/wp-content\/uploads\/2025\/02\/MB-Booking-Woman-on-Phone-1-400x0-c-default.jpg 400w, https:\/\/medbox.com\/wp-content\/uploads\/2025\/02\/MB-Booking-Woman-on-Phone-1.jpg 500w\">\n    <img fetchpriority=\"high\" decoding=\"async\" class=\"section-hero-img\" width=\"500\" height=\"624\" alt=\"MB Booking Woman on Phone (1)\" src=\"https:\/\/medbox.com\/wp-content\/uploads\/2025\/02\/MB-Booking-Woman-on-Phone-1.png\" loading=\"eager\">\n  <\/picture>\n\n        <\/div>\n          <\/div>\n\n    <\/section>\n\n<section class=\"section-wave gutenberg-block\" id=\"block_35f1ec22137598638b50a625197ce4d2\">\n  <div class=\"sk-wave sk-wave--top\">\n            <svg viewbox=\"0 0 1440 45\" fill=\"white\">\n            <path d=\"M-287 25.9721L-287 -45.9998L1728 -45.9999L1728 11.4615C1455.15 41.0628 1211.33 61.9579 695.247 25.972C533.012 14.6596 -26.3445 14.3637 -287 25.9721Z\" fill=\"white\"\/>\n        <\/svg>\n    <\/div>\n\n\n<\/section>\n\n\n\n<div class=\"sk-container\" style=\"padding-top:20px;\">\n<iframe src=\"https:\/\/api.leadconnectorhq.com\/widget\/booking\/GoOlZtalx5m9TSfufUHX\" style=\"width: 100%;border:none;overflow: hidden;min-height:1500px;\" scrolling=\"no\" id=\"msgsndr-calendar\"><\/iframe><br><script src=\"https:\/\/api.leadconnectorhq.com\/js\/embed.js\" type=\"text\/javascript\"><\/script>\n<\/div>\n\n\n\n<div style=\"height:100px\" aria-hidden=\"true\" class=\"wp-block-spacer\"><\/div>\n<div class=\"acf-fields-container\" data-post-id=\"14803\" data-canto-acf=\"true\"><\/div><style>\r\n        .acf-fields-container {\r\n            margin: 2em 0;\r\n            width: 100%;\r\n            clear: both;\r\n        }\r\n        .acf-field-image {\r\n            margin: 1.5em 0;\r\n            position: relative;\r\n        }\r\n        .acf-field-label {\r\n            margin-bottom: 1em;\r\n        }\r\n        .acf-image {\r\n            max-width: 100%;\r\n            height: auto;\r\n            display: block;\r\n            margin: 1em 0;\r\n        }\r\n    <\/style>","protected":false},"excerpt":{"rendered":"","protected":false},"author":11,"featured_media":0,"parent":0,"menu_order":0,"comment_status":"closed","ping_status":"closed","template":"","meta":{"_acf_changed":true,"footnotes":""},"class_list":["post-14803","page","type-page","status-publish","hentry"],"acf":[],"yoast_head":"<!-- This site is optimized with the Yoast SEO plugin v27.4 - https:\/\/yoast.com\/product\/yoast-seo-wordpress\/ -->\n<title>Book | MedBox | Medications Sorted By Dose | Full-Service Pharmacy<\/title>\n<meta name=\"robots\" content=\"index, follow, max-snippet:-1, max-image-preview:large, max-video-preview:-1\" \/>\n<link rel=\"canonical\" href=\"https:\/\/medbox.com\/vi\/book\/\" \/>\n<meta property=\"og:locale\" content=\"vi_VN\" \/>\n<meta property=\"og:type\" content=\"article\" \/>\n<meta property=\"og:title\" content=\"Book | MedBox | Medications Sorted By Dose | Full-Service Pharmacy\" \/>\n<meta property=\"og:url\" content=\"https:\/\/medbox.com\/vi\/book\/\" \/>\n<meta property=\"og:site_name\" content=\"MedBox | Medications Sorted By Dose | Full-Service Pharmacy\" \/>\n<meta property=\"article:modified_time\" content=\"2025-02-25T00:16:13+00:00\" \/>\n<meta property=\"og:image\" content=\"https:\/\/medbox.com\/wp-content\/uploads\/2024\/11\/4_2.png\" \/>\n\t<meta property=\"og:image:width\" content=\"1800\" \/>\n\t<meta property=\"og:image:height\" content=\"1013\" \/>\n\t<meta property=\"og:image:type\" content=\"image\/png\" \/>\n<meta name=\"twitter:card\" content=\"summary_large_image\" \/>\n<script type=\"application\/ld+json\" class=\"yoast-schema-graph\">{\"@context\":\"https:\\\/\\\/schema.org\",\"@graph\":[{\"@type\":\"WebPage\",\"@id\":\"https:\\\/\\\/medbox.com\\\/book\\\/\",\"url\":\"https:\\\/\\\/medbox.com\\\/book\\\/\",\"name\":\"Book | MedBox | Medications Sorted By Dose | Full-Service Pharmacy\",\"isPartOf\":{\"@id\":\"https:\\\/\\\/medbox.com\\\/#website\"},\"datePublished\":\"2024-02-07T23:48:28+00:00\",\"dateModified\":\"2025-02-25T00:16:13+00:00\",\"breadcrumb\":{\"@id\":\"https:\\\/\\\/medbox.com\\\/book\\\/#breadcrumb\"},\"inLanguage\":\"vi\",\"potentialAction\":[{\"@type\":\"ReadAction\",\"target\":[\"https:\\\/\\\/medbox.com\\\/book\\\/\"]}]},{\"@type\":\"BreadcrumbList\",\"@id\":\"https:\\\/\\\/medbox.com\\\/book\\\/#breadcrumb\",\"itemListElement\":[{\"@type\":\"ListItem\",\"position\":1,\"name\":\"Home\",\"item\":\"https:\\\/\\\/medbox.com\\\/\"},{\"@type\":\"ListItem\",\"position\":2,\"name\":\"Book\"}]},{\"@type\":\"WebSite\",\"@id\":\"https:\\\/\\\/medbox.com\\\/#website\",\"url\":\"https:\\\/\\\/medbox.com\\\/\",\"name\":\"MedBox | Medications Sorted By Dose | Full-Service Pharmacy\",\"description\":\"MedBox is a free pill-dispensing service provided by AmeriPharma, a full-service online pharmacy. Your prescriptions filled, sorted, and delivered.\",\"potentialAction\":[{\"@type\":\"SearchAction\",\"target\":{\"@type\":\"EntryPoint\",\"urlTemplate\":\"https:\\\/\\\/medbox.com\\\/?s={search_term_string}\"},\"query-input\":{\"@type\":\"PropertyValueSpecification\",\"valueRequired\":true,\"valueName\":\"search_term_string\"}}],\"inLanguage\":\"vi\"}]}<\/script>\n<!-- \/ Yoast SEO plugin. -->","yoast_head_json":{"title":"S\u00e1ch | MedBox | Thu\u1ed1c \u0111\u01b0\u1ee3c ph\u00e2n lo\u1ea1i theo li\u1ec1u l\u01b0\u1ee3ng | Nh\u00e0 thu\u1ed1c \u0111\u1ea7y \u0111\u1ee7 d\u1ecbch v\u1ee5","robots":{"index":"index","follow":"follow","max-snippet":"max-snippet:-1","max-image-preview":"max-image-preview:large","max-video-preview":"max-video-preview:-1"},"canonical":"https:\/\/medbox.com\/vi\/book\/","og_locale":"vi_VN","og_type":"article","og_title":"Book | MedBox | Medications Sorted By Dose | Full-Service Pharmacy","og_url":"https:\/\/medbox.com\/vi\/book\/","og_site_name":"MedBox | Medications Sorted By Dose | Full-Service Pharmacy","article_modified_time":"2025-02-25T00:16:13+00:00","og_image":[{"width":1800,"height":1013,"url":"https:\/\/medbox.com\/wp-content\/uploads\/2024\/11\/4_2.png","type":"image\/png"}],"twitter_card":"summary_large_image","schema":{"@context":"https:\/\/schema.org","@graph":[{"@type":"WebPage","@id":"https:\/\/medbox.com\/book\/","url":"https:\/\/medbox.com\/book\/","name":"S\u00e1ch | MedBox | Thu\u1ed1c \u0111\u01b0\u1ee3c ph\u00e2n lo\u1ea1i theo li\u1ec1u l\u01b0\u1ee3ng | Nh\u00e0 thu\u1ed1c \u0111\u1ea7y \u0111\u1ee7 d\u1ecbch v\u1ee5","isPartOf":{"@id":"https:\/\/medbox.com\/#website"},"datePublished":"2024-02-07T23:48:28+00:00","dateModified":"2025-02-25T00:16:13+00:00","breadcrumb":{"@id":"https:\/\/medbox.com\/book\/#breadcrumb"},"inLanguage":"vi","potentialAction":[{"@type":"ReadAction","target":["https:\/\/medbox.com\/book\/"]}]},{"@type":"BreadcrumbList","@id":"https:\/\/medbox.com\/book\/#breadcrumb","itemListElement":[{"@type":"ListItem","position":1,"name":"Home","item":"https:\/\/medbox.com\/"},{"@type":"ListItem","position":2,"name":"Book"}]},{"@type":"WebSite","@id":"https:\/\/medbox.com\/#website","url":"https:\/\/medbox.com\/","name":"MedBox | Thu\u1ed1c \u0111\u01b0\u1ee3c ph\u00e2n lo\u1ea1i theo li\u1ec1u l\u01b0\u1ee3ng | Nh\u00e0 thu\u1ed1c cung c\u1ea5p d\u1ecbch v\u1ee5 \u0111\u1ea7y \u0111\u1ee7","description":"MedBox l\u00e0 d\u1ecbch v\u1ee5 c\u1ea5p ph\u00e1t thu\u1ed1c mi\u1ec5n ph\u00ed do AmeriPharma, m\u1ed9t nh\u00e0 thu\u1ed1c tr\u1ef1c tuy\u1ebfn cung c\u1ea5p \u0111\u1ea7y \u0111\u1ee7 d\u1ecbch v\u1ee5, cung c\u1ea5p. \u0110\u01a1n thu\u1ed1c c\u1ee7a b\u1ea1n s\u1ebd \u0111\u01b0\u1ee3c \u0111i\u1ec1n, ph\u00e2n lo\u1ea1i v\u00e0 giao t\u1eadn n\u01a1i.","potentialAction":[{"@type":"SearchAction","target":{"@type":"EntryPoint","urlTemplate":"https:\/\/medbox.com\/?s={search_term_string}"},"query-input":{"@type":"PropertyValueSpecification","valueRequired":true,"valueName":"search_term_string"}}],"inLanguage":"vi"}]}},"_links":{"self":[{"href":"https:\/\/medbox.com\/vi\/wp-json\/wp\/v2\/pages\/14803","targetHints":{"allow":["GET"]}}],"collection":[{"href":"https:\/\/medbox.com\/vi\/wp-json\/wp\/v2\/pages"}],"about":[{"href":"https:\/\/medbox.com\/vi\/wp-json\/wp\/v2\/types\/page"}],"author":[{"embeddable":true,"href":"https:\/\/medbox.com\/vi\/wp-json\/wp\/v2\/users\/11"}],"replies":[{"embeddable":true,"href":"https:\/\/medbox.com\/vi\/wp-json\/wp\/v2\/comments?post=14803"}],"version-history":[{"count":0,"href":"https:\/\/medbox.com\/vi\/wp-json\/wp\/v2\/pages\/14803\/revisions"}],"wp:attachment":[{"href":"https:\/\/medbox.com\/vi\/wp-json\/wp\/v2\/media?parent=14803"}],"curies":[{"name":"wp","href":"https:\/\/api.w.org\/{rel}","templated":true}]}}