{"id":14795,"date":"2024-02-02T22:50:37","date_gmt":"2024-02-02T22:50:37","guid":{"rendered":"https:\/\/medbox.com\/?page_id=14795"},"modified":"2024-02-02T22:50:37","modified_gmt":"2024-02-02T22:50:37","slug":"thank-you-providers","status":"publish","type":"page","link":"https:\/\/medbox.com\/vi\/thank-you-providers\/","title":{"rendered":"C\u1ea3m \u01a1n \u2013 Nh\u00e0 cung c\u1ea5p"},"content":{"rendered":"<section class=\"section-banner-with-title-and-review gutenberg-block\"  style=\"background-color: #cce3da;\">\n    <div class=\"section-banner-with-title-and-review__container sk-container\">\n      <div class=\"section-banner-with-title-and-review__wrapper\">\n    \n        <div class=\"section-banner-with-title-and-review-content\">\n          <a href=\"\/vi\/\" class=\"sk-go-back\" target=\"_self\"\n   aria-label=\"\u0110i \u0111\u1ebfn Trang ch\u1ee7\">\n    <svg width=\"31\" height=\"31\">\n        <use xlink:href=\"#icon-back-arrow\"\/>\n    <\/svg>\n    <span>\u0110i \u0111\u1ebfn Trang ch\u1ee7<\/span>\n<\/a>\n                      <h2 class=\"section-banner-with-title-and-review-title\">C\u1ea3m \u01a1n<\/h2>\n                                      <\/div>\n\n                  <div class=\"section-banner-with-title-and-review__review\">\n                <div class=\"sk-testimonial sk-testimonial--main\">\n        <div class=\"sk-testimonial__top\">\n            <div class=\"sk-testimonial__stars\">\n                                    <svg><use href=\"#icon-star\"><\/use><\/svg>\n                                    <svg><use href=\"#icon-star\"><\/use><\/svg>\n                                    <svg><use href=\"#icon-star\"><\/use><\/svg>\n                                    <svg><use href=\"#icon-star\"><\/use><\/svg>\n                                    <svg><use href=\"#icon-star\"><\/use><\/svg>\n                            <\/div>\n                            <div class=\"sk-testimonial__social\">\n                                            <a href=\"https:\/\/g.co\/kgs\/b2xm211\" class=\"icon-google\" target=\"_blank\" title=\"Li\u00ean k\u1ebft x\u00e3 h\u1ed9i\">\n                                            <span class=\"sk-testimonial__social-icon\">\n                            <svg><use href=\"#icon-google\"><\/use><\/svg>\n                        <\/span>\n                                        <\/a>\n                                    <\/div>\n                    <\/div>\n                    <div class=\"sk-testimonial__content\"><!-- wp:paragraph -->\n<p>\u201cAmeriPharma cung c\u1ea5p d\u1ecbch v\u1ee5 kh\u00e1ch h\u00e0ng tuy\u1ec7t v\u1eddi. Hi\u1ec7u qu\u1ea3, am hi\u1ec3u, h\u1eefu \u00edch v\u00e0 l\u1ecbch s\u1ef1. Giao h\u00e0ng lu\u00f4n \u0111\u00fang h\u1eb9n v\u00e0 \u0111\u00fang h\u1eb9n. R\u1ea5t khuy\u1ebfn kh\u00edch!\u201d<\/p>\n<!-- \/wp:paragraph --><\/div>\n                            <p class=\"sk-testimonial__name\">Lorie B.<\/p>\n            <\/div>\n\n          <\/div>\n        \n                  <div class=\"section-banner-with-title-and-review__media\">\n            \n\n                      \n    \n  <picture>\n    <source type=\"image\/webp\" sizes=\"(max-width: 767px) 100vw, (max-width: 991px) 60vw, 60vw\" srcset=\"https:\/\/medbox.com\/wp-content\/uploads\/2024\/01\/e82a929b-a018-4ead-ba08-c90fffda3d7a-1_5-100x0-c-default.webp 100w, https:\/\/medbox.com\/wp-content\/uploads\/2024\/01\/e82a929b-a018-4ead-ba08-c90fffda3d7a-1_5-200x0-c-default.webp 200w, https:\/\/medbox.com\/wp-content\/uploads\/2024\/01\/e82a929b-a018-4ead-ba08-c90fffda3d7a-1_5.webp 330w\">\n    <source type=\"image\/jpeg\" sizes=\"(max-width: 767px) 100vw, (max-width: 991px) 60vw, 60vw\" srcset=\"https:\/\/medbox.com\/wp-content\/uploads\/2024\/01\/e82a929b-a018-4ead-ba08-c90fffda3d7a-1_5-100x0-c-default.jpg 100w, https:\/\/medbox.com\/wp-content\/uploads\/2024\/01\/e82a929b-a018-4ead-ba08-c90fffda3d7a-1_5-200x0-c-default.jpg 200w, https:\/\/medbox.com\/wp-content\/uploads\/2024\/01\/e82a929b-a018-4ead-ba08-c90fffda3d7a-1_5.jpg 330w\">\n    <img decoding=\"async\" class=\"section-recomended__img\" width=\"330\" height=\"375\" alt=\"e82a929b-a018-4ead-ba08-c90fffda3d7a 1_5\" src=\"https:\/\/medbox.com\/wp-content\/uploads\/2024\/01\/e82a929b-a018-4ead-ba08-c90fffda3d7a-1_5.png\" loading=\"lazy\">\n  <\/picture>\n\n          <\/div>\n              <\/div>\n    <\/div>\n  <\/section>\n\n\n  <section class=\"section-customer-support-with-text gutenberg-block\"  style=\"background-color: #ffffff;\">\n    <div class=\"sk-wave sk-wave--customer-support\">\n          <svg viewbox=\"0 0 1440 88\" fill=\"white\">\n          <path d=\"M-287 19.0283L-287 91.0001L1728 90.9999L1728 33.5386C1455.15 3.93725 1211.33 -16.9578 695.247 19.0282C533.012 30.3407 -26.3445 30.6366 -287 19.0283Z\" fill=\"white\"><\/path>\n      <\/svg>\n    <\/div>\n    <div class=\"section-customer-support-with-text-content sk-container\">\n              <div class=\"section-customer-support-with-text-content--left\">\n                      <h5 class=\"section-customer-support-with-text-title\">Li\u00ean h\u1ec7 v\u1edbi ch\u00fang t\u00f4i<\/h5>\n                                          <p class=\"section-customer-support-with-text-phone\">\n              <span class=\"phone-icon\">\n                <svg><use xlink:href=\"#phone\"><\/use><\/svg>\n              <\/span>\n              <a href=\"tel:(866)353-7856\" title=\"li\u00ean k\u1ebft \u0111i\u1ec7n tho\u1ea1i\">\n                (866) 353-7856\n              <\/a>\n            <\/p>\n                                <p class=\"section-customer-support-with-text-email\">\n              <span class=\"email-icon\">\n                <svg><use xlink:href=\"#icon-email\"><\/use><\/svg>\n              <\/span>\n              <a href=\"mailto:support@medbox.com\" title=\"li\u00ean k\u1ebft email\">\n                support@medbox.com\n              <\/a>\n            <\/p>\n                  <\/div>\n                    <div class=\"section-customer-support-with-text-content--right\">\n                      <h2 class=\"section-customer-support-with-text-title\">B\u1ea1n \u0111\u00e3 \u0111\u0103ng k\u00fd nh\u1eadn b\u1ea3n tin c\u1ee7a ch\u00fang t\u00f4i!<\/h2>\n                                <div class=\"section-customer-support-with-text-text\"><p>B\u1eb1ng c\u00e1ch \u0111\u0103ng k\u00fd nh\u1eadn b\u1ea3n tin c\u1ee7a ch\u00fang t\u00f4i, b\u1ea1n s\u1ebd lu\u00f4n nh\u1eadn \u0111\u01b0\u1ee3c nh\u1eefng th\u00f4ng tin c\u1eadp nh\u1eadt m\u1edbi nh\u1ea5t t\u1eeb MedBox.<\/p>\n<\/div>\n                  <\/div>\n            \n    <\/div>\n  <\/section>\n<div class=\"acf-fields-container\" data-post-id=\"14795\" data-canto-acf=\"true\"><\/div><style>\r\n        .acf-fields-container {\r\n            margin: 2em 0;\r\n            width: 100%;\r\n            clear: both;\r\n        }\r\n        .acf-field-image {\r\n            margin: 1.5em 0;\r\n            position: relative;\r\n        }\r\n        .acf-field-label {\r\n            margin-bottom: 1em;\r\n        }\r\n        .acf-image {\r\n            max-width: 100%;\r\n            height: auto;\r\n            display: block;\r\n            margin: 1em 0;\r\n        }\r\n    <\/style>","protected":false},"excerpt":{"rendered":"","protected":false},"author":11,"featured_media":0,"parent":0,"menu_order":0,"comment_status":"closed","ping_status":"closed","template":"","meta":{"_acf_changed":false,"footnotes":""},"class_list":["post-14795","page","type-page","status-publish","hentry"],"acf":[],"yoast_head":"<!-- This site is optimized with the Yoast SEO plugin v27.4 - https:\/\/yoast.com\/product\/yoast-seo-wordpress\/ -->\n<title>Thank You - Providers | MedBox | Medications Sorted By Dose | Full-Service Pharmacy<\/title>\n<meta name=\"description\" content=\"Thank you for contacting us. MedBox Care Advisors are reviewing your information and will be in touch within the next 24 hours.\" \/>\n<meta name=\"robots\" content=\"index, follow, max-snippet:-1, max-image-preview:large, max-video-preview:-1\" \/>\n<link rel=\"canonical\" href=\"https:\/\/medbox.com\/vi\/thank-you-providers\/\" \/>\n<meta property=\"og:locale\" content=\"vi_VN\" \/>\n<meta property=\"og:type\" content=\"article\" \/>\n<meta property=\"og:title\" content=\"Thank You - Providers | MedBox | Medications Sorted By Dose | Full-Service Pharmacy\" \/>\n<meta property=\"og:description\" content=\"Thank you for contacting us. MedBox Care Advisors are reviewing your information and will be in touch within the next 24 hours.\" \/>\n<meta property=\"og:url\" content=\"https:\/\/medbox.com\/vi\/thank-you-providers\/\" \/>\n<meta property=\"og:site_name\" content=\"MedBox | Medications Sorted By Dose | Full-Service Pharmacy\" \/>\n<meta property=\"og:image\" content=\"https:\/\/medbox.com\/wp-content\/uploads\/2024\/11\/4_2.png\" \/>\n\t<meta property=\"og:image:width\" content=\"1800\" \/>\n\t<meta property=\"og:image:height\" content=\"1013\" \/>\n\t<meta property=\"og:image:type\" content=\"image\/png\" \/>\n<meta name=\"twitter:card\" content=\"summary_large_image\" \/>\n<script type=\"application\/ld+json\" class=\"yoast-schema-graph\">{\"@context\":\"https:\\\/\\\/schema.org\",\"@graph\":[{\"@type\":\"WebPage\",\"@id\":\"https:\\\/\\\/medbox.com\\\/thank-you-providers\\\/\",\"url\":\"https:\\\/\\\/medbox.com\\\/thank-you-providers\\\/\",\"name\":\"Thank You - Providers | MedBox | Medications Sorted By Dose | Full-Service Pharmacy\",\"isPartOf\":{\"@id\":\"https:\\\/\\\/medbox.com\\\/#website\"},\"datePublished\":\"2024-02-02T22:50:37+00:00\",\"description\":\"Thank you for contacting us. MedBox Care Advisors are reviewing your information and will be in touch within the next 24 hours.\",\"breadcrumb\":{\"@id\":\"https:\\\/\\\/medbox.com\\\/thank-you-providers\\\/#breadcrumb\"},\"inLanguage\":\"vi\",\"potentialAction\":[{\"@type\":\"ReadAction\",\"target\":[\"https:\\\/\\\/medbox.com\\\/thank-you-providers\\\/\"]}]},{\"@type\":\"BreadcrumbList\",\"@id\":\"https:\\\/\\\/medbox.com\\\/thank-you-providers\\\/#breadcrumb\",\"itemListElement\":[{\"@type\":\"ListItem\",\"position\":1,\"name\":\"Home\",\"item\":\"https:\\\/\\\/medbox.com\\\/\"},{\"@type\":\"ListItem\",\"position\":2,\"name\":\"Thank You &#8211; Providers\"}]},{\"@type\":\"WebSite\",\"@id\":\"https:\\\/\\\/medbox.com\\\/#website\",\"url\":\"https:\\\/\\\/medbox.com\\\/\",\"name\":\"MedBox | Medications Sorted By Dose | Full-Service Pharmacy\",\"description\":\"MedBox is a free pill-dispensing service provided by AmeriPharma, a full-service online pharmacy. Your prescriptions filled, sorted, and delivered.\",\"potentialAction\":[{\"@type\":\"SearchAction\",\"target\":{\"@type\":\"EntryPoint\",\"urlTemplate\":\"https:\\\/\\\/medbox.com\\\/?s={search_term_string}\"},\"query-input\":{\"@type\":\"PropertyValueSpecification\",\"valueRequired\":true,\"valueName\":\"search_term_string\"}}],\"inLanguage\":\"vi\"}]}<\/script>\n<!-- \/ Yoast SEO plugin. -->","yoast_head_json":{"title":"C\u1ea3m \u01a1n - Nh\u00e0 cung c\u1ea5p | MedBox | Thu\u1ed1c \u0111\u01b0\u1ee3c ph\u00e2n lo\u1ea1i theo li\u1ec1u l\u01b0\u1ee3ng | Nh\u00e0 thu\u1ed1c cung c\u1ea5p d\u1ecbch v\u1ee5 \u0111\u1ea7y \u0111\u1ee7","description":"C\u1ea3m \u01a1n b\u1ea1n \u0111\u00e3 li\u00ean h\u1ec7 v\u1edbi ch\u00fang t\u00f4i. Chuy\u00ean vi\u00ean t\u01b0 v\u1ea5n ch\u0103m s\u00f3c MedBox \u0111ang xem x\u00e9t th\u00f4ng tin c\u1ee7a b\u1ea1n v\u00e0 s\u1ebd li\u00ean h\u1ec7 l\u1ea1i trong v\u00f2ng 24 gi\u1edd t\u1edbi.","robots":{"index":"index","follow":"follow","max-snippet":"max-snippet:-1","max-image-preview":"max-image-preview:large","max-video-preview":"max-video-preview:-1"},"canonical":"https:\/\/medbox.com\/vi\/thank-you-providers\/","og_locale":"vi_VN","og_type":"article","og_title":"Thank You - Providers | MedBox | Medications Sorted By Dose | Full-Service Pharmacy","og_description":"Thank you for contacting us. MedBox Care Advisors are reviewing your information and will be in touch within the next 24 hours.","og_url":"https:\/\/medbox.com\/vi\/thank-you-providers\/","og_site_name":"MedBox | Medications Sorted By Dose | Full-Service Pharmacy","og_image":[{"width":1800,"height":1013,"url":"https:\/\/medbox.com\/wp-content\/uploads\/2024\/11\/4_2.png","type":"image\/png"}],"twitter_card":"summary_large_image","schema":{"@context":"https:\/\/schema.org","@graph":[{"@type":"WebPage","@id":"https:\/\/medbox.com\/thank-you-providers\/","url":"https:\/\/medbox.com\/thank-you-providers\/","name":"C\u1ea3m \u01a1n - Nh\u00e0 cung c\u1ea5p | MedBox | Thu\u1ed1c \u0111\u01b0\u1ee3c ph\u00e2n lo\u1ea1i theo li\u1ec1u l\u01b0\u1ee3ng | Nh\u00e0 thu\u1ed1c cung c\u1ea5p d\u1ecbch v\u1ee5 \u0111\u1ea7y \u0111\u1ee7","isPartOf":{"@id":"https:\/\/medbox.com\/#website"},"datePublished":"2024-02-02T22:50:37+00:00","description":"C\u1ea3m \u01a1n b\u1ea1n \u0111\u00e3 li\u00ean h\u1ec7 v\u1edbi ch\u00fang t\u00f4i. Chuy\u00ean vi\u00ean t\u01b0 v\u1ea5n ch\u0103m s\u00f3c MedBox \u0111ang xem x\u00e9t th\u00f4ng tin c\u1ee7a b\u1ea1n v\u00e0 s\u1ebd li\u00ean h\u1ec7 l\u1ea1i trong v\u00f2ng 24 gi\u1edd t\u1edbi.","breadcrumb":{"@id":"https:\/\/medbox.com\/thank-you-providers\/#breadcrumb"},"inLanguage":"vi","potentialAction":[{"@type":"ReadAction","target":["https:\/\/medbox.com\/thank-you-providers\/"]}]},{"@type":"BreadcrumbList","@id":"https:\/\/medbox.com\/thank-you-providers\/#breadcrumb","itemListElement":[{"@type":"ListItem","position":1,"name":"Home","item":"https:\/\/medbox.com\/"},{"@type":"ListItem","position":2,"name":"Thank You &#8211; Providers"}]},{"@type":"WebSite","@id":"https:\/\/medbox.com\/#website","url":"https:\/\/medbox.com\/","name":"MedBox | Thu\u1ed1c \u0111\u01b0\u1ee3c ph\u00e2n lo\u1ea1i theo li\u1ec1u l\u01b0\u1ee3ng | Nh\u00e0 thu\u1ed1c cung c\u1ea5p d\u1ecbch v\u1ee5 \u0111\u1ea7y \u0111\u1ee7","description":"MedBox l\u00e0 d\u1ecbch v\u1ee5 c\u1ea5p ph\u00e1t thu\u1ed1c mi\u1ec5n ph\u00ed do AmeriPharma, m\u1ed9t nh\u00e0 thu\u1ed1c tr\u1ef1c tuy\u1ebfn cung c\u1ea5p \u0111\u1ea7y \u0111\u1ee7 d\u1ecbch v\u1ee5, cung c\u1ea5p. \u0110\u01a1n thu\u1ed1c c\u1ee7a b\u1ea1n s\u1ebd \u0111\u01b0\u1ee3c \u0111i\u1ec1n, ph\u00e2n lo\u1ea1i v\u00e0 giao t\u1eadn n\u01a1i.","potentialAction":[{"@type":"SearchAction","target":{"@type":"EntryPoint","urlTemplate":"https:\/\/medbox.com\/?s={search_term_string}"},"query-input":{"@type":"PropertyValueSpecification","valueRequired":true,"valueName":"search_term_string"}}],"inLanguage":"vi"}]}},"_links":{"self":[{"href":"https:\/\/medbox.com\/vi\/wp-json\/wp\/v2\/pages\/14795","targetHints":{"allow":["GET"]}}],"collection":[{"href":"https:\/\/medbox.com\/vi\/wp-json\/wp\/v2\/pages"}],"about":[{"href":"https:\/\/medbox.com\/vi\/wp-json\/wp\/v2\/types\/page"}],"author":[{"embeddable":true,"href":"https:\/\/medbox.com\/vi\/wp-json\/wp\/v2\/users\/11"}],"replies":[{"embeddable":true,"href":"https:\/\/medbox.com\/vi\/wp-json\/wp\/v2\/comments?post=14795"}],"version-history":[{"count":0,"href":"https:\/\/medbox.com\/vi\/wp-json\/wp\/v2\/pages\/14795\/revisions"}],"wp:attachment":[{"href":"https:\/\/medbox.com\/vi\/wp-json\/wp\/v2\/media?parent=14795"}],"curies":[{"name":"wp","href":"https:\/\/api.w.org\/{rel}","templated":true}]}}