{"id":14751,"date":"2024-01-31T02:26:57","date_gmt":"2024-01-31T02:26:57","guid":{"rendered":"https:\/\/medbox.com\/?page_id=14751"},"modified":"2024-01-31T19:11:06","modified_gmt":"2024-01-31T19:11:06","slug":"newsletter-thank-you","status":"publish","type":"page","link":"https:\/\/medbox.com\/es\/newsletter-thank-you\/","title":{"rendered":"Gracias \u2013 Bolet\u00edn informativo"},"content":{"rendered":"<section class=\"section-banner-with-title-and-review gutenberg-block\"  style=\"background-color: #cce3da;\">\n    <div class=\"section-banner-with-title-and-review__container sk-container\">\n      <div class=\"section-banner-with-title-and-review__wrapper\">\n    \n        <div class=\"section-banner-with-title-and-review-content\">\n          <a href=\"\/es\/\" class=\"sk-go-back\" target=\"_self\"\n   aria-label=\"Ir a la p\u00e1gina de inicio\">\n    <svg width=\"31\" height=\"31\">\n        <use xlink:href=\"#icon-back-arrow\"\/>\n    <\/svg>\n    <span>Ir a la p\u00e1gina de inicio<\/span>\n<\/a>\n                      <h2 class=\"section-banner-with-title-and-review-title\">Gracias<\/h2>\n                                      <\/div>\n\n                  <div class=\"section-banner-with-title-and-review__review\">\n                <div class=\"sk-testimonial sk-testimonial--main\">\n        <div class=\"sk-testimonial__top\">\n            <div class=\"sk-testimonial__stars\">\n                                    <svg><use href=\"#icon-star\"><\/use><\/svg>\n                                    <svg><use href=\"#icon-star\"><\/use><\/svg>\n                                    <svg><use href=\"#icon-star\"><\/use><\/svg>\n                                    <svg><use href=\"#icon-star\"><\/use><\/svg>\n                                    <svg><use href=\"#icon-star\"><\/use><\/svg>\n                            <\/div>\n                            <div class=\"sk-testimonial__social\">\n                                            <a href=\"https:\/\/g.co\/kgs\/b2xm211\" class=\"icon-google\" target=\"_blank\" title=\"Enlace social\">\n                                            <span class=\"sk-testimonial__social-icon\">\n                            <svg><use href=\"#icon-google\"><\/use><\/svg>\n                        <\/span>\n                                        <\/a>\n                                    <\/div>\n                    <\/div>\n                    <div class=\"sk-testimonial__content\"><!-- wp:paragraph -->\n<p>AmeriPharma ofrece un servicio al cliente excepcional. Eficiente, con amplios conocimientos, servicial y amable. Las entregas siempre se realizan seg\u00fan lo previsto y a tiempo. \u00a1Lo recomiendo ampliamente!<\/p>\n<!-- \/wp:paragraph --><\/div>\n                            <p class=\"sk-testimonial__name\">Lorie B.<\/p>\n            <\/div>\n\n          <\/div>\n        \n                  <div class=\"section-banner-with-title-and-review__media\">\n            \n\n                      \n    \n  <picture>\n    <source type=\"image\/webp\" sizes=\"(max-width: 767px) 100vw, (max-width: 991px) 60vw, 60vw\" srcset=\"https:\/\/medbox.com\/wp-content\/uploads\/2024\/01\/e82a929b-a018-4ead-ba08-c90fffda3d7a-1_5-100x0-c-default.webp 100w, https:\/\/medbox.com\/wp-content\/uploads\/2024\/01\/e82a929b-a018-4ead-ba08-c90fffda3d7a-1_5-200x0-c-default.webp 200w, https:\/\/medbox.com\/wp-content\/uploads\/2024\/01\/e82a929b-a018-4ead-ba08-c90fffda3d7a-1_5.webp 330w\">\n    <source type=\"image\/jpeg\" sizes=\"(max-width: 767px) 100vw, (max-width: 991px) 60vw, 60vw\" srcset=\"https:\/\/medbox.com\/wp-content\/uploads\/2024\/01\/e82a929b-a018-4ead-ba08-c90fffda3d7a-1_5-100x0-c-default.jpg 100w, https:\/\/medbox.com\/wp-content\/uploads\/2024\/01\/e82a929b-a018-4ead-ba08-c90fffda3d7a-1_5-200x0-c-default.jpg 200w, https:\/\/medbox.com\/wp-content\/uploads\/2024\/01\/e82a929b-a018-4ead-ba08-c90fffda3d7a-1_5.jpg 330w\">\n    <img decoding=\"async\" class=\"section-recomended__img\" width=\"330\" height=\"375\" alt=\"e82a929b-a018-4ead-ba08-c90fffda3d7a 1_5\" src=\"https:\/\/medbox.com\/wp-content\/uploads\/2024\/01\/e82a929b-a018-4ead-ba08-c90fffda3d7a-1_5.png\" loading=\"lazy\">\n  <\/picture>\n\n          <\/div>\n              <\/div>\n    <\/div>\n  <\/section>\n\n\n  <section class=\"section-customer-support-with-text gutenberg-block\"  style=\"background-color: #ffffff;\">\n    <div class=\"sk-wave sk-wave--customer-support\">\n          <svg viewbox=\"0 0 1440 88\" fill=\"white\">\n          <path d=\"M-287 19.0283L-287 91.0001L1728 90.9999L1728 33.5386C1455.15 3.93725 1211.33 -16.9578 695.247 19.0282C533.012 30.3407 -26.3445 30.6366 -287 19.0283Z\" fill=\"white\"><\/path>\n      <\/svg>\n    <\/div>\n    <div class=\"section-customer-support-with-text-content sk-container\">\n              <div class=\"section-customer-support-with-text-content--left\">\n                      <h5 class=\"section-customer-support-with-text-title\">Contacte con nosotros<\/h5>\n                                          <p class=\"section-customer-support-with-text-phone\">\n              <span class=\"phone-icon\">\n                <svg><use xlink:href=\"#phone\"><\/use><\/svg>\n              <\/span>\n              <a href=\"tel:(866)353-7856\" title=\"enlace telef\u00f3nico\">\n                (866) 353-7856\n              <\/a>\n            <\/p>\n                                <p class=\"section-customer-support-with-text-email\">\n              <span class=\"email-icon\">\n                <svg><use xlink:href=\"#icon-email\"><\/use><\/svg>\n              <\/span>\n              <a href=\"mailto:support@medbox.com\" title=\"enlace de correo electr\u00f3nico\">\n                support@medbox.com\n              <\/a>\n            <\/p>\n                  <\/div>\n                    <div class=\"section-customer-support-with-text-content--right\">\n                      <h2 class=\"section-customer-support-with-text-title\">\u00a1Est\u00e1s suscrito a nuestro bolet\u00edn!<\/h2>\n                                <div class=\"section-customer-support-with-text-text\"><p>Al suscribirse a nuestro bolet\u00edn, se mantendr\u00e1 conectado con las \u00faltimas publicaciones de blog, consejos y actualizaciones de MedBox.<\/p>\n<\/div>\n                  <\/div>\n            \n    <\/div>\n  <\/section>\n<div class=\"acf-fields-container\" data-post-id=\"14751\" data-canto-acf=\"true\"><\/div><style>\r\n        .acf-fields-container {\r\n            margin: 2em 0;\r\n            width: 100%;\r\n            clear: both;\r\n        }\r\n        .acf-field-image {\r\n            margin: 1.5em 0;\r\n            position: relative;\r\n        }\r\n        .acf-field-label {\r\n            margin-bottom: 1em;\r\n        }\r\n        .acf-image {\r\n            max-width: 100%;\r\n            height: auto;\r\n            display: block;\r\n            margin: 1em 0;\r\n        }\r\n    <\/style>","protected":false},"excerpt":{"rendered":"","protected":false},"author":11,"featured_media":0,"parent":0,"menu_order":0,"comment_status":"closed","ping_status":"closed","template":"","meta":{"_acf_changed":false,"footnotes":""},"class_list":["post-14751","page","type-page","status-publish","hentry"],"acf":[],"yoast_head":"<!-- This site is optimized with the Yoast SEO plugin v27.3 - https:\/\/yoast.com\/product\/yoast-seo-wordpress\/ -->\n<title>Thank You - Newsletter | MedBox | Medications Sorted By Dose | Full-Service Pharmacy<\/title>\n<meta name=\"description\" content=\"Thank you for contacting us. MedBox Care Advisors are reviewing your information and will be in touch within the next 24 hours.\" \/>\n<meta name=\"robots\" content=\"index, follow, max-snippet:-1, max-image-preview:large, max-video-preview:-1\" \/>\n<link rel=\"canonical\" href=\"https:\/\/medbox.com\/es\/newsletter-thank-you\/\" \/>\n<meta property=\"og:locale\" content=\"es_MX\" \/>\n<meta property=\"og:type\" content=\"article\" \/>\n<meta property=\"og:title\" content=\"Thank You - Newsletter | MedBox | Medications Sorted By Dose | Full-Service Pharmacy\" \/>\n<meta property=\"og:description\" content=\"Thank you for contacting us. MedBox Care Advisors are reviewing your information and will be in touch within the next 24 hours.\" \/>\n<meta property=\"og:url\" content=\"https:\/\/medbox.com\/es\/newsletter-thank-you\/\" \/>\n<meta property=\"og:site_name\" content=\"MedBox | Medications Sorted By Dose | Full-Service Pharmacy\" \/>\n<meta property=\"article:modified_time\" content=\"2024-01-31T19:11:06+00:00\" \/>\n<meta property=\"og:image\" content=\"https:\/\/medbox.com\/wp-content\/uploads\/2024\/11\/4_2.png\" \/>\n\t<meta property=\"og:image:width\" content=\"1800\" \/>\n\t<meta property=\"og:image:height\" content=\"1013\" \/>\n\t<meta property=\"og:image:type\" content=\"image\/png\" \/>\n<meta name=\"twitter:card\" content=\"summary_large_image\" \/>\n<script type=\"application\/ld+json\" class=\"yoast-schema-graph\">{\"@context\":\"https:\\\/\\\/schema.org\",\"@graph\":[{\"@type\":\"WebPage\",\"@id\":\"https:\\\/\\\/medbox.com\\\/newsletter-thank-you\\\/\",\"url\":\"https:\\\/\\\/medbox.com\\\/newsletter-thank-you\\\/\",\"name\":\"Thank You - Newsletter | MedBox | Medications Sorted By Dose | Full-Service Pharmacy\",\"isPartOf\":{\"@id\":\"https:\\\/\\\/medbox.com\\\/#website\"},\"datePublished\":\"2024-01-31T02:26:57+00:00\",\"dateModified\":\"2024-01-31T19:11:06+00:00\",\"description\":\"Thank you for contacting us. MedBox Care Advisors are reviewing your information and will be in touch within the next 24 hours.\",\"breadcrumb\":{\"@id\":\"https:\\\/\\\/medbox.com\\\/newsletter-thank-you\\\/#breadcrumb\"},\"inLanguage\":\"es\",\"potentialAction\":[{\"@type\":\"ReadAction\",\"target\":[\"https:\\\/\\\/medbox.com\\\/newsletter-thank-you\\\/\"]}]},{\"@type\":\"BreadcrumbList\",\"@id\":\"https:\\\/\\\/medbox.com\\\/newsletter-thank-you\\\/#breadcrumb\",\"itemListElement\":[{\"@type\":\"ListItem\",\"position\":1,\"name\":\"Home\",\"item\":\"https:\\\/\\\/medbox.com\\\/\"},{\"@type\":\"ListItem\",\"position\":2,\"name\":\"Thank You &#8211; Newsletter\"}]},{\"@type\":\"WebSite\",\"@id\":\"https:\\\/\\\/medbox.com\\\/#website\",\"url\":\"https:\\\/\\\/medbox.com\\\/\",\"name\":\"MedBox | Medications Sorted By Dose | Full-Service Pharmacy\",\"description\":\"MedBox is a free pill-dispensing service provided by AmeriPharma, a full-service online pharmacy. Your prescriptions filled, sorted, and delivered.\",\"potentialAction\":[{\"@type\":\"SearchAction\",\"target\":{\"@type\":\"EntryPoint\",\"urlTemplate\":\"https:\\\/\\\/medbox.com\\\/?s={search_term_string}\"},\"query-input\":{\"@type\":\"PropertyValueSpecification\",\"valueRequired\":true,\"valueName\":\"search_term_string\"}}],\"inLanguage\":\"es\"}]}<\/script>\n<!-- \/ Yoast SEO plugin. -->","yoast_head_json":{"title":"Gracias - Bolet\u00edn informativo | MedBox | Medicamentos clasificados por dosis | Farmacia de servicio completo","description":"Gracias por contactarnos. Los asesores de atenci\u00f3n de MedBox est\u00e1n revisando su informaci\u00f3n y se comunicar\u00e1n con usted dentro de las pr\u00f3ximas 24 horas.","robots":{"index":"index","follow":"follow","max-snippet":"max-snippet:-1","max-image-preview":"max-image-preview:large","max-video-preview":"max-video-preview:-1"},"canonical":"https:\/\/medbox.com\/es\/newsletter-thank-you\/","og_locale":"es_MX","og_type":"article","og_title":"Thank You - Newsletter | MedBox | Medications Sorted By Dose | Full-Service Pharmacy","og_description":"Thank you for contacting us. MedBox Care Advisors are reviewing your information and will be in touch within the next 24 hours.","og_url":"https:\/\/medbox.com\/es\/newsletter-thank-you\/","og_site_name":"MedBox | Medications Sorted By Dose | Full-Service Pharmacy","article_modified_time":"2024-01-31T19:11:06+00:00","og_image":[{"width":1800,"height":1013,"url":"https:\/\/medbox.com\/wp-content\/uploads\/2024\/11\/4_2.png","type":"image\/png"}],"twitter_card":"summary_large_image","schema":{"@context":"https:\/\/schema.org","@graph":[{"@type":"WebPage","@id":"https:\/\/medbox.com\/newsletter-thank-you\/","url":"https:\/\/medbox.com\/newsletter-thank-you\/","name":"Gracias - Bolet\u00edn informativo | MedBox | Medicamentos clasificados por dosis | Farmacia de servicio completo","isPartOf":{"@id":"https:\/\/medbox.com\/#website"},"datePublished":"2024-01-31T02:26:57+00:00","dateModified":"2024-01-31T19:11:06+00:00","description":"Gracias por contactarnos. Los asesores de atenci\u00f3n de MedBox est\u00e1n revisando su informaci\u00f3n y se comunicar\u00e1n con usted dentro de las pr\u00f3ximas 24 horas.","breadcrumb":{"@id":"https:\/\/medbox.com\/newsletter-thank-you\/#breadcrumb"},"inLanguage":"es","potentialAction":[{"@type":"ReadAction","target":["https:\/\/medbox.com\/newsletter-thank-you\/"]}]},{"@type":"BreadcrumbList","@id":"https:\/\/medbox.com\/newsletter-thank-you\/#breadcrumb","itemListElement":[{"@type":"ListItem","position":1,"name":"Home","item":"https:\/\/medbox.com\/"},{"@type":"ListItem","position":2,"name":"Thank You &#8211; Newsletter"}]},{"@type":"WebSite","@id":"https:\/\/medbox.com\/#website","url":"https:\/\/medbox.com\/","name":"MedBox | Medicamentos clasificados por dosis | Farmacia de servicio completo","description":"MedBox es un servicio gratuito de dispensaci\u00f3n de pastillas que ofrece AmeriPharma, una farmacia en l\u00ednea con todos los servicios. Sus recetas se surten, clasifican y se entregan a domicilio.","potentialAction":[{"@type":"SearchAction","target":{"@type":"EntryPoint","urlTemplate":"https:\/\/medbox.com\/?s={search_term_string}"},"query-input":{"@type":"PropertyValueSpecification","valueRequired":true,"valueName":"search_term_string"}}],"inLanguage":"es"}]}},"_links":{"self":[{"href":"https:\/\/medbox.com\/es\/wp-json\/wp\/v2\/pages\/14751","targetHints":{"allow":["GET"]}}],"collection":[{"href":"https:\/\/medbox.com\/es\/wp-json\/wp\/v2\/pages"}],"about":[{"href":"https:\/\/medbox.com\/es\/wp-json\/wp\/v2\/types\/page"}],"author":[{"embeddable":true,"href":"https:\/\/medbox.com\/es\/wp-json\/wp\/v2\/users\/11"}],"replies":[{"embeddable":true,"href":"https:\/\/medbox.com\/es\/wp-json\/wp\/v2\/comments?post=14751"}],"version-history":[{"count":0,"href":"https:\/\/medbox.com\/es\/wp-json\/wp\/v2\/pages\/14751\/revisions"}],"wp:attachment":[{"href":"https:\/\/medbox.com\/es\/wp-json\/wp\/v2\/media?parent=14751"}],"curies":[{"name":"gracias","href":"https:\/\/api.w.org\/{rel}","templated":true}]}}